{"id":1019,"date":"2025-09-07T19:40:17","date_gmt":"2025-09-07T19:40:17","guid":{"rendered":"https:\/\/adam.jbeanwefiteam.com\/?page_id=1019"},"modified":"2026-03-13T04:30:20","modified_gmt":"2026-03-13T04:30:20","slug":"gdpr-privacy-policy","status":"publish","type":"page","link":"https:\/\/adam.jbeanwefiteam.com\/es\/gdpr-privacy-policy\/","title":{"rendered":"Pol\u00edtica de privacidad del RGPD"},"content":{"rendered":"<div class=\"et_pb_section_0 et_pb_section et_section_regular et_block_section\">\n<div class=\"et_pb_row_0 et_pb_row et_block_row\">\n<div class=\"et_pb_column_0 et_pb_column et_pb_column_4_4 et-last-child et_block_column et_pb_css_mix_blend_mode_passthrough\">\n<div class=\"et_pb_text_0 et_pb_text et_pb_bg_layout_light et_pb_module et_block_module preset--group--divi-text--divi-font-body--default\"><div class=\"et_pb_text_inner\"><p><!-- wp:paragraph --><\/p>\n<p>JBean WeFi Team LLC (\u201cnosotros\u201d, \u201cnos\u201d o \u201cnuestro\u201d) y mi sitio web https:\/\/adam.jbeanwefiteam.com se comprometen a respetar su privacidad. Esta pol\u00edtica de privacidad le informa sobre c\u00f3mo nuestra organizaci\u00f3n recopila, almacena y utiliza los datos personales que usted proporciona al utilizar nuestro sitio web.<\/p>\n<p><span style=\"color: #666666;\"><!-- \/wp:paragraph --><\/span><\/p>\n<p><span style=\"color: #666666;\"><!-- wp:heading {\"level\":4} --><\/span><\/p>\n<h4><span style=\"color: #666666;\">Los temas incluyeron:<\/span><\/h4>\n<p><span style=\"color: #666666;\"><!-- \/wp:heading --><\/span><\/p>\n<p><!-- wp:list --><\/p>\n<ul>\n<li><a href=\"#privacy_1\">\u00bfQu\u00e9 datos recopilamos?<\/a><\/li>\n<li><a href=\"#privacy_2\">\u00bfC\u00f3mo recopilamos y utilizamos sus datos?<\/a><\/li>\n<li><a href=\"#privacy_3\">Datos utilizados con fines de marketing o compartidos con terceros<\/a><\/li>\n<li><a href=\"#privacy_4\">\u00bfCu\u00e1les son sus derechos en materia de protecci\u00f3n de datos?<\/a><\/li>\n<li><a href=\"#privacy_5\">Pol\u00edticas de privacidad de otros sitios web<\/a><\/li>\n<li><a href=\"#privacy_6\">Cambios en nuestra pol\u00edtica de privacidad<\/a><\/li>\n<li><a href=\"#privacy_7\">\u00bfC\u00f3mo ponerse en contacto con nosotros?<\/a><\/li>\n<\/ul>\n<p><!-- wp:heading {\"level\":4} --><\/p>\n<h4 id=\"privacy_1\">\u00bfQu\u00e9 datos recopilamos?<\/h4>\n<p><span style=\"color: #666666;\"><!-- \/wp:heading --><\/span><\/p>\n<p><span style=\"color: #666666;\"><!-- wp:paragraph --><\/span><\/p>\n<p><span style=\"color: #666666;\">Recopilamos su informaci\u00f3n personal. La informaci\u00f3n personal es cualquier dato relacionado con una persona que se utiliza como identificaci\u00f3n, como por ejemplo:<\/span><\/p>\n<p><span style=\"color: #666666;\"><!-- \/wp:paragraph --><\/span><\/p>\n<p><span style=\"color: #666666;\"><!-- wp:list --><\/span><\/p>\n<ul>\n<li><span style=\"color: #666666;\">Informaci\u00f3n de identificaci\u00f3n personal: estos datos los proporciona usted para registrarse y utilizar otros servicios: nombre, direcci\u00f3n de correo electr\u00f3nico, n\u00famero de tel\u00e9fono, pa\u00eds, estado, etc.<\/span><\/li>\n<li><span style=\"color: #666666;\">Informaci\u00f3n del navegador y de las visitas: estos datos son proporcionados por su navegador y las visitas que ha realizado a nuestro sitio web: tipo de navegador, sistema operativo, direcci\u00f3n IP, datos demogr\u00e1ficos, etc.<\/span><\/li>\n<li><span style=\"color: #666666;\">Informaci\u00f3n relacionada con las cookies: consulte la pol\u00edtica de cookies para obtener m\u00e1s detalles al respecto.<\/span><\/li>\n<\/ul>\n<p><span style=\"color: #666666;\"><!-- \/wp:list --><\/span><\/p>\n<p><span style=\"color: #666666;\"><!-- wp:paragraph --><\/span><\/p>\n<p><span style=\"color: #666666;\">Sin embargo, puede navegar por nuestro sitio web sin proporcionar su informaci\u00f3n personal.<\/span><\/p>\n<p><span style=\"color: #666666;\"><!-- \/wp:paragraph --><\/span><\/p>\n<p><span style=\"color: #666666;\"><!-- wp:heading {\"level\":4} --><\/span><\/p>\n<h4 id=\"privacy_2\"><span style=\"color: #666666;\">\u00bfC\u00f3mo recopilamos y utilizamos su informaci\u00f3n personal?<\/span><\/h4>\n<p><span style=\"color: #666666;\"><!-- \/wp:heading --><\/span><\/p>\n<p><span style=\"color: #666666;\"><!-- wp:paragraph --><\/span><\/p>\n<p><span style=\"color: #666666;\">Recopilaci\u00f3n de informaci\u00f3n personal<\/span><\/p>\n<p><span style=\"color: #666666;\"><!-- \/wp:paragraph --><\/span><\/p>\n<p><span style=\"color: #666666;\"><!-- wp:paragraph --><\/span><\/p>\n<p><span style=\"color: #666666;\">Recopilamos sus datos en los siguientes formularios:<\/span><\/p>\n<p><span style=\"color: #666666;\"><!-- \/wp:paragraph --><\/span><\/p>\n<p><span style=\"color: #666666;\"><!-- wp:paragraph --><\/span><\/p>\n<p><span style=\"color: #666666;\">Uso de la informaci\u00f3n personal<\/span><\/p>\n<p><span style=\"color: #666666;\"><!-- \/wp:paragraph --><\/span><\/p>\n<p><span style=\"color: #666666;\"><!-- wp:list --><\/span><\/p>\n<ul>\n<li><span style=\"color: #666666;\">Reg\u00edstrese en l\u00ednea o haga un pedido de cualquier producto o servicio.<\/span><\/li>\n<li><span style=\"color: #666666;\">Complete una encuesta o env\u00edenos sus comentarios sobre nuestros productos o servicios por correo electr\u00f3nico.<\/span><\/li>\n<li><span style=\"color: #666666;\">Visite nuestro sitio web utilizando las cookies de su navegador.<\/span><\/li>\n<\/ul>\n<p><span style=\"color: #666666;\"><!-- \/wp:list --><\/span><\/p>\n<p><span style=\"color: #666666;\"><!-- wp:paragraph --><\/span><\/p>\n<p><span style=\"color: #666666;\">Utilizamos su informaci\u00f3n personal para los siguientes fines:<\/span><\/p>\n<p><span style=\"color: #666666;\"><!-- \/wp:paragraph --><\/span><\/p>\n<p><span style=\"color: #666666;\"><!-- wp:list --><\/span><\/p>\n<ul>\n<li><span style=\"color: #666666;\">Para crear y administrar su cuenta en nuestro sitio web.<\/span><\/li>\n<li><span style=\"color: #666666;\">Para procesar los detalles relacionados con sus pedidos y reembolsos.<\/span><\/li>\n<li><span style=\"color: #666666;\">Para identificarte una vez que te registres en nuestro sitio web.<\/span><\/li>\n<li><span style=\"color: #666666;\">Para ofrecerte una mejor usabilidad y servicio.<\/span><\/li>\n<li><span style=\"color: #666666;\">Para contactarte y responder a tus consultas y comentarios.<\/span><\/li>\n<li><span style=\"color: #666666;\">Para comprender qu\u00e9 secciones del sitio web se visitan y con qu\u00e9 frecuencia.<\/span><\/li>\n<\/ul>\n<p><span style=\"color: #666666;\"><!-- \/wp:list --><\/span><\/p>\n<p><span style=\"color: #666666;\"><!-- wp:heading {\"level\":4} --><\/span><\/p>\n<h4 id=\"privacy_3\"><span style=\"color: #666666;\">Datos utilizados con fines de marketing o compartidos con terceros<\/span><\/h4>\n<p><span style=\"color: #666666;\"><!-- \/wp:heading --><\/span><\/p>\n<p><span style=\"color: #666666;\"><!-- wp:paragraph --><\/span><\/p>\n<p><span style=\"color: #666666;\">Datos utilizados con fines de mercadotecnia<\/span><\/p>\n<p><span style=\"color: #666666;\"><!-- \/wp:paragraph --><\/span><\/p>\n<p><span style=\"color: #666666;\"><!-- wp:paragraph --><\/span><\/p>\n<p><span style=\"color: #666666;\">Seg\u00fan sus preferencias, nuestra organizaci\u00f3n desea enviarle correos electr\u00f3nicos de marketing sobre productos, servicios y ofertas que puedan ser de su inter\u00e9s. Usted tiene derecho a solicitar en cualquier momento que nuestra organizaci\u00f3n deje de ponerse en contacto con usted. Puede darse de baja de nuestros correos electr\u00f3nicos de marketing en cualquier momento.<\/span><\/p>\n<p><span style=\"color: #666666;\"><!-- \/wp:paragraph --><\/span><\/p>\n<p><span style=\"color: #666666;\"><!-- wp:paragraph --><\/span><\/p>\n<p><span style=\"color: #666666;\">Intercambio de datos con sitios de terceros<\/span><\/p>\n<p><span style=\"color: #666666;\"><!-- \/wp:paragraph --><\/span><\/p>\n<p><span style=\"color: #666666;\"><!-- wp:paragraph --><\/span><\/p>\n<p><span style=\"color: #666666;\">Nuestra organizaci\u00f3n nunca compartir\u00e1 su informaci\u00f3n personal con sitios de terceros sin su permiso previo. Sin embargo, compartimos su informaci\u00f3n personal dentro de la organizaci\u00f3n, con socios comerciales y servicios de terceros autorizados.<\/span><\/p>\n<p><span style=\"color: #666666;\"><!-- \/wp:paragraph --><\/span><\/p>\n<p><span style=\"color: #666666;\"><!-- wp:heading {\"level\":4} --><\/span><\/p>\n<h4 id=\"privacy_4\"><span style=\"color: #666666;\">\u00bfCu\u00e1les son sus derechos en materia de protecci\u00f3n de datos?<\/span><\/h4>\n<p><span style=\"color: #666666;\"><!-- \/wp:heading --><\/span><\/p>\n<p><span style=\"color: #666666;\"><!-- wp:paragraph --><\/span><\/p>\n<p><span style=\"color: #666666;\">Queremos asegurarnos de que conoce plenamente sus derechos en materia de protecci\u00f3n de datos. Todos los usuarios tienen los siguientes derechos:<\/span><\/p>\n<p><span style=\"color: #666666;\"><!-- \/wp:paragraph --><\/span><\/p>\n<p><span style=\"color: #666666;\"><!-- wp:list --><\/span><\/p>\n<ul>\n<li><span style=\"color: #666666;\">El derecho de acceso - Y<\/span>Tienes derecho a solicitar copias de la informaci\u00f3n personal que nos hayas proporcionado.<\/li>\n<li>Derecho de rectificaci\u00f3n: tiene derecho a solicitarnos que corrijamos la informaci\u00f3n personal que considere que necesita ser corregida. Tambi\u00e9n tiene derecho a completar la informaci\u00f3n que considere incompleta.<\/li>\n<li>Derecho de borrado: tienes derecho a solicitarnos que borremos todos tus datos personales en cualquier momento.<\/li>\n<li>Derecho de oposici\u00f3n: tiene derecho a oponerse al tratamiento de sus datos personales por parte de nuestra organizaci\u00f3n, bajo ciertas condiciones.<\/li>\n<li>Derecho a la portabilidad de los datos: en cualquier momento puede solicitarnos que transfiramos su informaci\u00f3n personal a cualquier otra organizaci\u00f3n o directamente a usted, bajo ciertas condiciones.<\/li>\n<\/ul>\n<p><span style=\"color: #666666;\"><!-- \/wp:list --><\/span><\/p>\n<p><span style=\"color: #666666;\"><!-- wp:heading {\"level\":4} --><\/span><\/p>\n<h4 id=\"privacy_5\"><span style=\"color: #666666;\">Pol\u00edticas de privacidad de otros sitios web vinculados<\/span><\/h4>\n<p><span style=\"color: #666666;\"><!-- \/wp:heading --><\/span><\/p>\n<p><!-- wp:paragraph --><\/p>\n<p>Nuestro sitio web contiene enlaces hacia y desde otros sitios web. Sin embargo, nuestra pol\u00edtica de privacidad solo se aplica a nuestro sitio web y no a otros sitios web enlazados. Por lo tanto, si hace clic en un enlace a otros sitios web, puede leer su pol\u00edtica de privacidad.<\/p>\n<p><span style=\"color: #666666;\"><!-- \/wp:paragraph --><\/span><\/p>\n<p><span style=\"color: #666666;\"><!-- wp:heading {\"level\":4} --><\/span><\/p>\n<h4 id=\"privacy_6\"><span style=\"color: #666666;\">Cambios en nuestra pol\u00edtica de privacidad<\/span><\/h4>\n<p><span style=\"color: #666666;\"><!-- \/wp:heading --><\/span><\/p>\n<p><span style=\"color: #666666;\"><!-- wp:paragraph --><\/span><\/p>\n<p><span style=\"color: #666666;\">Nuestra organizaci\u00f3n revisa y actualiza su pol\u00edtica de privacidad peri\u00f3dicamente. Podemos modificar nuestras pr\u00e1cticas de privacidad de datos y publicar cualquier actualizaci\u00f3n en esta p\u00e1gina de pol\u00edtica de privacidad.<\/span><\/p>\n<p><span style=\"color: #666666;\"><!-- \/wp:paragraph --><\/span><\/p>\n<p><span style=\"color: #666666;\"><!-- wp:heading {\"level\":4} --><\/span><\/p>\n<h4 id=\"privacy_7\"><span style=\"color: #666666;\">\u00bfC\u00f3mo ponerse en contacto con nosotros?<\/span><\/h4>\n<p><span style=\"color: #666666;\"><!-- \/wp:heading --><\/span><\/p>\n<p><span style=\"color: #666666;\"><!-- wp:paragraph --><\/span><\/p>\n<p><span style=\"color: #666666;\">Si tiene alguna pregunta relacionada con nuestras pr\u00e1cticas de protecci\u00f3n de datos o con esta pol\u00edtica de privacidad, no dude en ponerse en contacto con nosotros en legal@jbeanwefiteam.com<\/span><\/p>\n<p><!-- \/wp:paragraph --><\/p>\n<p><!-- wp:separator --><\/p>\n<hr class=\"wp-block-separator\" \/><!-- \/wp:separator --><\/p>\n<p><!-- wp:paragraph --><\/p>\n<p>\u00daltima actualizaci\u00f3n: 7 de septiembre de 2025<\/p>\n<p><!-- \/wp:paragraph --><\/p>\n<\/div><\/div>\n<\/div>\n<\/div>\n<\/div>","protected":false},"excerpt":{"rendered":"","protected":false},"author":1,"featured_media":389,"parent":0,"menu_order":0,"comment_status":"closed","ping_status":"closed","template":"","meta":{"inline_featured_image":false,"footnotes":""},"class_list":["post-1019","page","type-page","status-publish","has-post-thumbnail","hentry"],"_links":{"self":[{"href":"https:\/\/adam.jbeanwefiteam.com\/es\/wp-json\/wp\/v2\/pages\/1019","targetHints":{"allow":["GET"]}}],"collection":[{"href":"https:\/\/adam.jbeanwefiteam.com\/es\/wp-json\/wp\/v2\/pages"}],"about":[{"href":"https:\/\/adam.jbeanwefiteam.com\/es\/wp-json\/wp\/v2\/types\/page"}],"author":[{"embeddable":true,"href":"https:\/\/adam.jbeanwefiteam.com\/es\/wp-json\/wp\/v2\/users\/1"}],"replies":[{"embeddable":true,"href":"https:\/\/adam.jbeanwefiteam.com\/es\/wp-json\/wp\/v2\/comments?post=1019"}],"version-history":[{"count":5,"href":"https:\/\/adam.jbeanwefiteam.com\/es\/wp-json\/wp\/v2\/pages\/1019\/revisions"}],"predecessor-version":[{"id":1707,"href":"https:\/\/adam.jbeanwefiteam.com\/es\/wp-json\/wp\/v2\/pages\/1019\/revisions\/1707"}],"wp:featuredmedia":[{"embeddable":true,"href":"https:\/\/adam.jbeanwefiteam.com\/es\/wp-json\/wp\/v2\/media\/389"}],"wp:attachment":[{"href":"https:\/\/adam.jbeanwefiteam.com\/es\/wp-json\/wp\/v2\/media?parent=1019"}],"curies":[{"name":"wp","href":"https:\/\/api.w.org\/{rel}","templated":true}]}}