{"id":1013,"date":"2025-09-07T19:36:18","date_gmt":"2025-09-07T19:36:18","guid":{"rendered":"https:\/\/adam.jbeanwefiteam.com\/?page_id=1013"},"modified":"2026-03-13T04:32:44","modified_gmt":"2026-03-13T04:32:44","slug":"privacy-notice-for-california-residents","status":"publish","type":"page","link":"https:\/\/adam.jbeanwefiteam.com\/es\/privacy-notice-for-california-residents\/","title":{"rendered":"Aviso de privacidad para residentes de California"},"content":{"rendered":"<div class=\"et_pb_section_0 et_pb_section et_section_regular et_block_section\">\n<div class=\"et_pb_row_0 et_pb_row et_block_row\">\n<div class=\"et_pb_column_0 et_pb_column et_pb_column_4_4 et-last-child et_block_column et_pb_css_mix_blend_mode_passthrough\">\n<div class=\"et_pb_text_0 et_pb_text et_pb_bg_layout_light et_pb_module et_block_module preset--group--divi-text--divi-font-body--default\"><div class=\"et_pb_text_inner\"><p><!-- wp:heading {\"level\":2} --><\/p>\n<h2><span style=\"color: #666699;\">D<\/span><span style=\"color: #666666;\"><span style=\"color: #666699;\">e<\/span>definiciones y referencias legales<\/span><\/h2>\n<p><span style=\"color: #666666;\"><!-- \/wp:heading --><\/span><\/p>\n<p><span style=\"color: #666666;\"><!-- wp:heading {\"level\":4} --><\/span><\/p>\n<h4><span style=\"color: #666666;\"><strong>Este sitio web (o esta aplicaci\u00f3n)<\/strong><\/span><\/h4>\n<p><span style=\"color: #666666;\"><!-- \/wp:heading --><\/span><br \/><span style=\"color: #666666;\"><!-- wp:paragraph --><\/span><\/p>\n<p><span style=\"color: #666666;\">La propiedad que permite la prestaci\u00f3n del Servicio.<\/span><\/p>\n<p><span style=\"color: #666666;\"><!-- \/wp:paragraph --><\/span><br \/><span style=\"color: #666666;\"><!-- wp:heading {\"level\":4} --><\/span><\/p>\n<h4><span style=\"color: #666666;\"><strong>El propietario (o nosotros)<\/strong><\/span><\/h4>\n<p><span style=\"color: #666666;\"><!-- \/wp:heading --><\/span><br \/><span style=\"color: #666666;\"><!-- wp:paragraph --><\/span><\/p>\n<p><span style=\"color: #666666;\">JBean WeFi Team LLC: la persona f\u00edsica o jur\u00eddica que pone a disposici\u00f3n de los usuarios este sitio web y\/o el servicio.<\/span><\/p>\n<p><span style=\"color: #666666;\"><!-- \/wp:paragraph --><\/span><br \/><span style=\"color: #666666;\"><!-- wp:heading {\"level\":4} --><\/span><\/p>\n<h4><span style=\"color: #666666;\"><strong>Usuario (o usted)<\/strong><\/span><\/h4>\n<p><span style=\"color: #666666;\"><!-- \/wp:heading --><\/span><br \/><span style=\"color: #666666;\"><!-- wp:paragraph --><\/span><\/p>\n<p><span style=\"color: #666666;\">La persona f\u00edsica o jur\u00eddica<\/span>cualquier entidad que utilice este sitio web.<\/p>\n<p><!-- \/wp:paragraph --><\/p>\n<p><!-- wp:separator --><\/p>\n<hr class=\"wp-block-separator\" \/><!-- \/wp:separator --><\/p>\n<p><!-- wp:paragraph --><\/p>\n<p>Este Aviso de privacidad para residentes de California complementa la informaci\u00f3n contenida en la Pol\u00edtica de privacidad del sitio web y se aplica exclusivamente a todos los visitantes, usuarios y dem\u00e1s personas que residan en el estado de California. Hemos adoptado este aviso para cumplir con la Ley de Privacidad del Consumidor de California de 2018 (CCPA), y cualquier t\u00e9rmino definido en la CCPA tiene el mismo significado cuando se utiliza en este aviso.<\/p>\n<p><!-- \/wp:paragraph --><\/p>\n<p><!-- wp:heading {\"level\":2} --><\/p>\n<h2>Informaci\u00f3n que recopilamos<\/h2>\n<p><!-- \/wp:heading --><\/p>\n<p><!-- wp:paragraph --><\/p>\n<p>El sitio web recopila informaci\u00f3n que identifica, se refiere a, describe, hace referencia a, puede asociarse con o podr\u00eda vincularse razonablemente, directa o indirectamente, a un consumidor o dispositivo concreto (\"informaci\u00f3n personal\").<\/p>\n<p><!-- \/wp:paragraph --><\/p>\n<p><!-- wp:paragraph --><\/p>\n<p>En concreto, el sitio web ha recopilado las siguientes categor\u00edas de informaci\u00f3n personal de sus usuarios en los \u00faltimos 12 meses:<\/p>\n<p><!-- \/wp:paragraph --><\/p>\n<p><!-- wp:table --><\/p>\n<figure class=\"wp-block-table\">\n<table class=\"has-fixed-layout\">\n<thead>\n<tr>\n<th>Categor\u00eda<\/th>\n<th>Ejemplos<\/th>\n<th>Recopilado<\/th>\n<\/tr>\n<\/thead>\n<tbody>\n<tr>\n<td>A. Identificadores.<\/td>\n<td>Nombre real, alias, direcci\u00f3n postal, identificador personal \u00fanico, identificador en l\u00ednea, direcci\u00f3n IP, direcci\u00f3n de correo electr\u00f3nico, nombre de cuenta, n\u00famero de la Seguridad Social, n\u00famero de licencia de conducir, n\u00famero de pasaporte u otros identificadores similares.<\/td>\n<td>S\u00cd<\/td>\n<\/tr>\n<tr>\n<td>B. Categor\u00edas de informaci\u00f3n personal enumeradas en la ley de California sobre registros de clientes (C\u00f3digo Civil de California, \u00a7 1798.80(e)).<\/td>\n<td>Un nombre, una firma, un n\u00famero de Seguro Social, caracter\u00edsticas f\u00edsicas o descripci\u00f3n, direcci\u00f3n, n\u00famero de tel\u00e9fono, n\u00famero de pasaporte, n\u00famero de licencia de conducir o de tarjeta de identificaci\u00f3n estatal, n\u00famero de p\u00f3liza de seguro, estudios, empleo, historial laboral, n\u00famero de cuenta bancaria, n\u00famero de tarjeta de cr\u00e9dito, n\u00famero de tarjeta de d\u00e9bito o cualquier otra informaci\u00f3n financiera, m\u00e9dica o relacionada con el seguro m\u00e9dico.<\/td>\n<td>NO<\/td>\n<\/tr>\n<tr>\n<td>C. Caracter\u00edsticas de clasificaci\u00f3n protegidas en virtud de la legislaci\u00f3n de California o federal.<\/td>\n<td>Edad (40 a\u00f1os o m\u00e1s), raza, color de piel, ascendencia, origen nacional, ciudadan\u00eda, religi\u00f3n o credo, estado civil, afecci\u00f3n m\u00e9dica, discapacidad f\u00edsica o mental, sexo (incluidos el g\u00e9nero, la identidad de g\u00e9nero, la expresi\u00f3n de g\u00e9nero, el embarazo o el parto, y las afecciones m\u00e9dicas relacionadas), orientaci\u00f3n sexual, condici\u00f3n de veterano o militar, informaci\u00f3n gen\u00e9tica (incluida la informaci\u00f3n gen\u00e9tica familiar).<\/td>\n<td>NO<\/td>\n<\/tr>\n<tr>\n<td>D. Informaci\u00f3n comercial.<\/td>\n<td>Registros de bienes personales, productos o servicios adquiridos, obtenidos o considerados, as\u00ed como otros historiales o tendencias de compra o consumo.<\/td>\n<td>NO<\/td>\n<\/tr>\n<tr>\n<td>E. Informaci\u00f3n biom\u00e9trica.<\/td>\n<td>Caracter\u00edsticas gen\u00e9ticas, fisiol\u00f3gicas, conductuales y biol\u00f3gicas, o patrones de actividad, que se utilizan para extraer una plantilla u otro identificador o informaci\u00f3n identificativa, como huellas dactilares, huellas faciales, huellas vocales, escaneos del iris o de la retina, patrones de pulsaci\u00f3n de teclas, patrones de marcha u otros patrones f\u00edsicos, as\u00ed como datos sobre el sue\u00f1o, la salud o el ejercicio.<\/td>\n<td>NO<\/td>\n<\/tr>\n<tr>\n<td>F. Actividad en Internet u otras redes similares.<\/td>\n<td>Historial de navegaci\u00f3n, historial de b\u00fasquedas e informaci\u00f3n sobre la interacci\u00f3n de un consumidor con un sitio web, una aplicaci\u00f3n o un anuncio.<\/td>\n<td>S\u00cd<\/td>\n<\/tr>\n<tr>\n<td>G. Datos de geolocalizaci\u00f3n.<\/td>\n<td>Ubicaci\u00f3n f\u00edsica o desplazamientos.<\/td>\n<td>S\u00cd<\/td>\n<\/tr>\n<tr>\n<td>H. Datos sensoriales.<\/td>\n<td>Informaci\u00f3n auditiva, electr\u00f3nica, visual, t\u00e9rmica, olfativa o similar.<\/td>\n<td>NO<\/td>\n<\/tr>\n<tr>\n<td>I. Informaci\u00f3n profesional o relacionada con el empleo.<\/td>\n<td>Historial laboral actual o anterior, o evaluaciones de desempe\u00f1o.<\/td>\n<td>NO<\/td>\n<\/tr>\n<tr>\n<td>J. Informaci\u00f3n educativa no p\u00fablica (de conformidad con la Ley de Derechos Educativos y Privacidad de la Familia (20 U.S.C. Secci\u00f3n 1232g, 34 C.F.R. Parte 99)).<\/td>\n<td>Los expedientes acad\u00e9micos son aquellos relacionados directamente con un estudiante y que est\u00e1n en poder de una instituci\u00f3n educativa o de una entidad que act\u00fae en su nombre, tales como calificaciones, expedientes acad\u00e9micos, listas de alumnos, horarios de clases, c\u00f3digos de identificaci\u00f3n de los estudiantes, informaci\u00f3n financiera de los estudiantes o expedientes disciplinarios de los estudiantes.<\/td>\n<td>NO<\/td>\n<\/tr>\n<tr>\n<td>K. Se extraen conclusiones a partir de otros datos personales.<\/td>\n<td>Un perfil refleja las preferencias, caracter\u00edsticas, tendencias psicol\u00f3gicas, predisposiciones, comportamiento, actitudes, inteligencia, habilidades y aptitudes de una persona.<\/td>\n<td>NO<\/td>\n<\/tr>\n<\/tbody>\n<\/table>\n<\/figure>\n<p><!-- \/wp:table --><\/p>\n<p><!-- wp:paragraph --><\/p>\n<p>La informaci\u00f3n personal no incluye:<\/p>\n<p><!-- \/wp:paragraph --><\/p>\n<p><!-- wp:list --><\/p>\n<ul>\n<li>Informaci\u00f3n de dominio p\u00fablico procedente de registros gubernamentales.<\/li>\n<li>Informaci\u00f3n de los consumidores anonimizada o agregada.<\/li>\n<li>Informaci\u00f3n excluida del \u00e1mbito de aplicaci\u00f3n de la CCPA, como cierta informaci\u00f3n sanitaria o m\u00e9dica y otras categor\u00edas de informaci\u00f3n protegidas por otras leyes.<\/li>\n<\/ul>\n<p><!-- \/wp:list --><\/p>\n<p><!-- wp:paragraph --><\/p>\n<p>Obtenemos las categor\u00edas de informaci\u00f3n personal mencionadas anteriormente de las siguientes fuentes:<\/p>\n<p><!-- \/wp:paragraph --><\/p>\n<p><!-- wp:list --><\/p>\n<ul>\n<li>Directamente de usted. Por ejemplo, a trav\u00e9s de los formularios que llena o de los productos y servicios que adquiere.<\/li>\n<li>De forma indirecta, a trav\u00e9s de usted. Por ejemplo, al observar sus acciones en nuestro sitio web.<\/li>\n<\/ul>\n<p><!-- \/wp:list --><\/p>\n<p><!-- wp:heading {\"level\":2} --><\/p>\n<h2>Uso de la informaci\u00f3n personal<\/h2>\n<p><!-- \/wp:heading --><\/p>\n<p><!-- wp:paragraph --><\/p>\n<p>Podemos utilizar o divulgar la informaci\u00f3n personal que recopilamos para uno o varios de los siguientes fines comerciales:<\/p>\n<p><!-- \/wp:paragraph --><\/p>\n<p><!-- wp:list --><\/p>\n<ul>\n<li>Para cumplir con el prop\u00f3sito por el que nos proporcion\u00f3 la informaci\u00f3n. Por ejemplo, si comparte su nombre e informaci\u00f3n de contacto para solicitar un presupuesto o hacer una pregunta sobre nuestros servicios, utilizaremos esa informaci\u00f3n personal para responder a su consulta. Si nos proporciona su informaci\u00f3n personal para comprar un producto o servicio, utilizaremos esa informaci\u00f3n para procesar su pago y facilitar la entrega. Tambi\u00e9n podemos guardar su informaci\u00f3n para facilitar pedidos de nuevos productos o procesar devoluciones.<\/li>\n<li>Para procesar sus solicitudes, compras, transacciones y pagos, y prevenir el fraude en las transacciones.<\/li>\n<li>Para brindarle asistencia y responder a sus consultas, lo que incluye investigar y resolver sus inquietudes, as\u00ed como supervisar y mejorar nuestras respuestas.<\/li>\n<li>Para responder a las solicitudes de las autoridades policiales y seg\u00fan lo exijan la legislaci\u00f3n aplicable, las \u00f3rdenes judiciales o las regulaciones gubernamentales.<\/li>\n<li>Tal y como se le indic\u00f3 al recopilar su informaci\u00f3n personal o seg\u00fan se describe en la CCPA.<\/li>\n<li>Para evaluar o llevar a cabo una fusi\u00f3n, desinversi\u00f3n, reestructuraci\u00f3n, reorganizaci\u00f3n, disoluci\u00f3n u otra venta o transferencia de parte o la totalidad de nuestros activos o los de nuestras filiales, en la que la informaci\u00f3n personal que nosotros o nuestras filiales tenemos sobre los usuarios de nuestro sitio web forme parte de los activos transferidos.<\/li>\n<\/ul>\n<p><!-- \/wp:list --><\/p>\n<p><!-- wp:paragraph --><\/p>\n<p>No recopilaremos categor\u00edas adicionales de informaci\u00f3n personal ni utilizaremos la informaci\u00f3n personal que recopilamos para fines sustancialmente diferentes, ajenos o incompatibles sin notific\u00e1rselo previamente.<\/p>\n<p><!-- \/wp:paragraph --><\/p>\n<p><!-- wp:heading {\"level\":2} --><\/p>\n<h2>Compartir informaci\u00f3n personal<\/h2>\n<p><!-- \/wp:heading --><\/p>\n<p><!-- wp:paragraph --><\/p>\n<p>Podemos divulgar su informaci\u00f3n personal a un tercero con fines comerciales. Cuando divulgamos informaci\u00f3n personal con fines comerciales, celebramos un contrato en el que se describe el prop\u00f3sito y se exige al destinatario que mantenga la confidencialidad de dicha informaci\u00f3n personal y que no la utilice para ning\u00fan otro fin que no sea el cumplimiento del contrato.<\/p>\n<p><!-- \/wp:paragraph --><\/p>\n<p><!-- wp:paragraph --><\/p>\n<p>Compartimos su informaci\u00f3n personal con las siguientes categor\u00edas de terceros:<\/p>\n<p><!-- \/wp:paragraph --><\/p>\n<p><!-- wp:list --><\/p>\n<ul>\n<li>Proveedores de servicios.<\/li>\n<li>Agregadores de datos.<\/li>\n<\/ul>\n<p><!-- \/wp:list --><\/p>\n<p><!-- wp:shortcode --><\/p>\n<p><!-- \/wp:shortcode --><\/p>\n<p><!-- wp:heading {\"level\":2} --><\/p>\n<h2>Tus derechos y opciones<\/h2>\n<p><!-- \/wp:heading --><\/p>\n<p><!-- wp:paragraph --><\/p>\n<p>La CCPA otorga a los consumidores (residentes de California) derechos espec\u00edficos en relaci\u00f3n con su informaci\u00f3n personal. En esta secci\u00f3n se describen sus derechos en virtud de la CCPA y se explica c\u00f3mo ejercerlos.<\/p>\n<p><!-- \/wp:paragraph --><\/p>\n<p><!-- wp:heading {\"level\":3} --><\/p>\n<h3>Acceso a informaci\u00f3n espec\u00edfica y derechos de portabilidad de datos<\/h3>\n<p><!-- \/wp:heading --><\/p>\n<p><!-- wp:paragraph --><\/p>\n<p>Tienes derecho a solicitarnos que te facilitemos cierta informaci\u00f3n sobre la recopilaci\u00f3n y el uso que hemos hecho de tus datos personales durante los \u00faltimos 12 meses. Una vez que recibamos y confirmemos tu solicitud de consumidor verificable (consulta \u00abEjercicio de los derechos de acceso, portabilidad de datos y supresi\u00f3n\u00bb), te facilitaremos:<\/p>\n<p><!-- \/wp:paragraph --><\/p>\n<p><!-- wp:list --><\/p>\n<ul>\n<li>Las categor\u00edas de informaci\u00f3n personal que hemos recopilado sobre usted.<\/li>\n<li>Las categor\u00edas de fuentes de la informaci\u00f3n personal que hemos recopilado sobre usted.<\/li>\n<li>El prop\u00f3sito comercial o empresarial para el que recopilamos o vendemos esa informaci\u00f3n personal.<\/li>\n<li>Las categor\u00edas de terceros con quienes compartimos esa informaci\u00f3n personal.<\/li>\n<li>Los datos personales concretos que hemos recopilado sobre usted (tambi\u00e9n conocida como solicitud de portabilidad de datos).<\/li>\n<li>Si vendi\u00e9ramos o divulg\u00e1ramos su informaci\u00f3n personal con fines comerciales, se divulgar\u00e1n dos documentos distintos:<br \/><!-- wp:list -->\n<ul>\n<li>las ventas, identificando las categor\u00edas de informaci\u00f3n personal que adquiri\u00f3 cada tipo de destinatario; y<\/li>\n<li>divulgaciones con fines comerciales, indicando las categor\u00edas de informaci\u00f3n personal que recibi\u00f3 cada categor\u00eda de destinatarios.<\/li>\n<\/ul>\n<p><!-- \/wp:list --><\/p>\n<\/li>\n<\/ul>\n<p><!-- \/wp:list --><\/p>\n<p><!-- wp:heading {\"level\":3} --><\/p>\n<h3>Derechos de solicitud de eliminaci\u00f3n<\/h3>\n<p><!-- \/wp:heading --><\/p>\n<p><!-- wp:paragraph --><\/p>\n<p>Tienes derecho a solicitar que eliminemos cualquier dato personal tuyo que hayamos recopilado y conservado, con sujeci\u00f3n a ciertas excepciones. Una vez que recibamos y confirmemos tu solicitud de consumidor verificable (consulta \u00abEjercicio de los derechos de acceso, portabilidad de datos y eliminaci\u00f3n\u00bb), eliminaremos (y ordenaremos a nuestros proveedores de servicios que eliminen) tus datos personales de nuestros registros, a menos que se aplique una excepci\u00f3n.<\/p>\n<p><!-- \/wp:paragraph --><\/p>\n<p><!-- wp:paragraph --><\/p>\n<p>Podemos rechazar su solicitud de eliminaci\u00f3n si la conservaci\u00f3n de la informaci\u00f3n es necesaria para que nosotros o nuestros proveedores de servicios:<\/p>\n<p><!-- \/wp:paragraph --><\/p>\n<p><!-- wp:list --><\/p>\n<ul>\n<li>Completar la transacci\u00f3n para la que recopilamos la informaci\u00f3n personal, proporcionarle el bien o servicio que solicit\u00f3, tomar medidas que sean razonablemente previsibles en el marco de nuestra relaci\u00f3n comercial en curso con usted, o cumplir de cualquier otra forma el contrato que tenemos con usted.<\/li>\n<li>Detectar incidentes de seguridad, proteger contra actividades maliciosas, enga\u00f1osas, fraudulentas o ilegales, o perseguir a los responsables de dichas actividades.<\/li>\n<li>Depurar productos para identificar y corregir errores que afecten a la funcionalidad prevista.<\/li>\n<li>Cumpla con la Ley de Privacidad de las Comunicaciones Electr\u00f3nicas de California (C\u00f3digo Penal de California, \u00a7 1546 y siguientes). Permita \u00fanicamente usos internos que se ajusten razonablemente a las expectativas de los consumidores en funci\u00f3n de su relaci\u00f3n con nosotros.<\/li>\n<li>Cumplir con una obligaci\u00f3n legal.<\/li>\n<li>Hacer otros usos internos y legales de esa informaci\u00f3n que sean compatibles con el contexto en el que la proporcionaste.<\/li>\n<\/ul>\n<p><!-- \/wp:list --><\/p>\n<p><!-- wp:heading {\"level\":3} --><\/p>\n<h3>Ejercicio de los derechos de acceso, portabilidad de datos y supresi\u00f3n<\/h3>\n<p><!-- \/wp:heading --><\/p>\n<p><!-- wp:paragraph --><\/p>\n<p>Para ejercer los derechos de acceso, portabilidad de datos y supresi\u00f3n descritos anteriormente, env\u00edenos una solicitud de consumidor verificable mediante cualquiera de las siguientes opciones:<\/p>\n<p><!-- \/wp:paragraph --><\/p>\n<p><!-- wp:list --><\/p>\n<ul>\n<li>Ll\u00e1menos al +1 661-524-6591<\/li>\n<li>Env\u00edenos un correo electr\u00f3nico a legal@jbeanwefiteam.com<\/li>\n<\/ul>\n<p><!-- \/wp:list --><\/p>\n<p><!-- wp:paragraph --><\/p>\n<p>Solo usted o una persona inscrita en la Secretar\u00eda de Estado de California a quien usted autorice.<\/p>\n<p><!-- \/wp:paragraph --><\/p>\n<p><!-- wp:paragraph --><\/p>\n<p>Solo puede presentar una solicitud verificable de acceso o portabilidad de datos dos veces en un per\u00edodo de 12 meses. La solicitud verificable debe:<\/p>\n<p><!-- \/wp:paragraph --><\/p>\n<p><!-- wp:list --><\/p>\n<ul>\n<li>Proporcione informaci\u00f3n suficiente que nos permita verificar de manera razonable que usted es la persona sobre la que hemos recopilado informaci\u00f3n personal o un representante autorizado.<\/li>\n<li>Describa su solicitud con suficiente detalle para que podamos entenderla, evaluarla y responderla adecuadamente.<\/li>\n<\/ul>\n<p><!-- \/wp:list --><\/p>\n<p><!-- wp:paragraph --><\/p>\n<p>No podremos responder a su solicitud ni proporcionarle informaci\u00f3n personal si no podemos verificar su identidad o su autoridad para realizar la solicitud, ni confirmar que la informaci\u00f3n personal se refiere a usted.<\/p>\n<p><!-- \/wp:paragraph --><\/p>\n<p><!-- wp:paragraph --><\/p>\n<p>Para presentar una solicitud de consumidor verificable, no es necesario que crees una cuenta con nosotros.<\/p>\n<p><!-- \/wp:paragraph --><\/p>\n<p><!-- wp:paragraph --><\/p>\n<p>Solo utilizaremos la informaci\u00f3n personal proporcionada en una solicitud verificable del consumidor para verificar la identidad del solicitante o su autoridad para realizar la solicitud.<\/p>\n<p><!-- \/wp:paragraph --><\/p>\n<p><!-- wp:heading {\"level\":3} --><\/p>\n<h3>Tiempo de respuesta y formato<\/h3>\n<p><!-- \/wp:heading --><\/p>\n<p><!-- wp:paragraph --><\/p>\n<p>Nos esforzamos por responder a las solicitudes verificables de los consumidores en un plazo de cuarenta y cinco (45) d\u00edas a partir de su recepci\u00f3n. Si necesitamos m\u00e1s tiempo, le informaremos por escrito del motivo y del plazo de pr\u00f3rroga.<\/p>\n<p><!-- \/wp:paragraph --><\/p>\n<p><!-- wp:paragraph --><\/p>\n<p>Le enviaremos nuestra respuesta por escrito por correo postal o por v\u00eda electr\u00f3nica, seg\u00fan prefiera.<\/p>\n<p><!-- \/wp:paragraph --><\/p>\n<p><!-- wp:paragraph --><\/p>\n<p>Cualquier informaci\u00f3n que proporcionemos abarcar\u00e1 \u00fanicamente el per\u00edodo de 12 meses anterior a la recepci\u00f3n de la solicitud verificable del consumidor. En nuestra respuesta tambi\u00e9n explicaremos los motivos por los que no podemos atender una solicitud, si fuera el caso. En el caso de las solicitudes de portabilidad de datos, elegiremos un formato para facilitar su informaci\u00f3n personal que sea f\u00e1cilmente utilizable y que le permita transmitir la informaci\u00f3n de una entidad a otra sin obst\u00e1culos.<\/p>\n<p><!-- \/wp:paragraph --><\/p>\n<p><!-- wp:paragraph --><\/p>\n<p>No cobramos ninguna tarifa por tramitar o responder a su solicitud verificable como consumidor, a menos que sea excesiva, repetitiva o manifiestamente infundada. Si determinamos que la solicitud justifica el cobro de una tarifa, le explicaremos los motivos de nuestra decisi\u00f3n y le proporcionaremos un presupuesto antes de tramitar su solicitud.<\/p>\n<p><!-- \/wp:paragraph --><\/p>\n<p><!-- wp:heading {\"level\":3} --><\/p>\n<h3>Venta de informaci\u00f3n personal<\/h3>\n<p><!-- \/wp:heading --><\/p>\n<p><!-- wp:paragraph --><\/p>\n<p>No venderemos su informaci\u00f3n personal a terceros. Si en el futuro tuvi\u00e9ramos previsto vender su informaci\u00f3n personal a terceros, le ofreceremos los derechos de exclusi\u00f3n y consentimiento exigidos por la CCPA.<\/p>\n<p><!-- \/wp:paragraph --><\/p>\n<p><!-- wp:heading {\"level\":2} --><\/p>\n<h2>No discriminaci\u00f3n<\/h2>\n<p><!-- \/wp:heading --><\/p>\n<p><!-- wp:paragraph --><\/p>\n<p>No le discriminaremos por ejercer cualquiera de sus derechos en virtud de la CCPA. A menos que lo permita la CCPA, no:<\/p>\n<p><!-- \/wp:paragraph --><\/p>\n<p><!-- wp:list --><\/p>\n<ul>\n<li>Negarle bienes o servicios.<\/li>\n<li>Cobrarle precios o tarifas diferentes por bienes o servicios, incluso mediante la concesi\u00f3n de descuentos u otras ventajas, o la imposici\u00f3n de sanciones.<\/li>\n<li>Ofrecerle un nivel o una calidad diferentes de productos o servicios.<\/li>\n<li>Esto puede implicar que recibas un precio o una tarifa diferentes por los productos o servicios, o un nivel o una calidad diferentes de los mismos.<\/li>\n<\/ul>\n<p><!-- \/wp:list --><\/p>\n<p><!-- wp:heading {\"level\":2} --><\/p>\n<h2>Otros derechos de privacidad en California<\/h2>\n<p><!-- \/wp:heading --><\/p>\n<p><!-- wp:paragraph --><\/p>\n<p>La ley \"Shine the Light\" de California (art\u00edculo 1798.83 del C\u00f3digo Civil) permite a los usuarios de nuestro sitio web que sean residentes en California solicitar cierta informaci\u00f3n sobre la divulgaci\u00f3n de datos personales a terceros con fines de marketing directo. Para realizar dicha solicitud, env\u00ede un correo electr\u00f3nico a legal@jbeantv.com.<\/p>\n<p><!-- \/wp:paragraph --><\/p>\n<p><!-- wp:heading {\"level\":2} --><\/p>\n<h2>Cambios en nuestro aviso de privacidad<\/h2>\n<p><!-- \/wp:heading --><\/p>\n<p><!-- wp:paragraph --><\/p>\n<p>Nos reservamos el derecho de modificar este aviso de privacidad a nuestra discreci\u00f3n y en cualquier momento. Cuando realicemos cambios en este aviso de privacidad, publicaremos el aviso actualizado en nuestro sitio web y actualizaremos la fecha de vigencia del mismo. El uso continuado de nuestro sitio web tras la publicaci\u00f3n de los cambios implica su aceptaci\u00f3n de dichos cambios.<\/p>\n<p><!-- \/wp:paragraph --><\/p>\n<p><!-- wp:heading {\"level\":2} --><\/p>\n<h2>Informaci\u00f3n de contacto<\/h2>\n<p><!-- \/wp:heading --><\/p>\n<p><!-- wp:paragraph --><\/p>\n<p>Si tiene alguna pregunta o comentario sobre este aviso, sobre la forma en que recopilamos y utilizamos su informaci\u00f3n, tal y como se describe a continuaci\u00f3n y en nuestra Pol\u00edtica de privacidad, sobre sus opciones y derechos en relaci\u00f3n con dicho uso, o si desea ejercer sus derechos en virtud de la legislaci\u00f3n de California, no dude en ponerse en contacto con nosotros en:<\/p>\n<p><!-- \/wp:paragraph --><\/p>\n<p><!-- wp:list --><\/p>\n<ul>\n<li>Tel\u00e9fono: +1 661-524-6591<\/li>\n<li>Sitio web: https:\/\/adam.jbeanwefiteam.com<\/li>\n<li>Correo electr\u00f3nico: legal@jbeanwefiteam.com<\/li>\n<\/ul>\n<p><!-- \/wp:list --><\/p>\n<p><!-- wp:separator --><\/p>\n<hr class=\"wp-block-separator\" \/><!-- \/wp:separator --><\/p>\n<p><!-- wp:paragraph --><\/p>\n<p>\u00daltima actualizaci\u00f3n: 7 de septiembre de 2025<\/p>\n<p><!-- \/wp:paragraph --><\/p>\n<\/div><\/div>\n<\/div>\n<\/div>\n<\/div>","protected":false},"excerpt":{"rendered":"","protected":false},"author":1,"featured_media":389,"parent":0,"menu_order":0,"comment_status":"closed","ping_status":"closed","template":"","meta":{"inline_featured_image":false,"footnotes":""},"class_list":["post-1013","page","type-page","status-publish","has-post-thumbnail","hentry"],"_links":{"self":[{"href":"https:\/\/adam.jbeanwefiteam.com\/es\/wp-json\/wp\/v2\/pages\/1013","targetHints":{"allow":["GET"]}}],"collection":[{"href":"https:\/\/adam.jbeanwefiteam.com\/es\/wp-json\/wp\/v2\/pages"}],"about":[{"href":"https:\/\/adam.jbeanwefiteam.com\/es\/wp-json\/wp\/v2\/types\/page"}],"author":[{"embeddable":true,"href":"https:\/\/adam.jbeanwefiteam.com\/es\/wp-json\/wp\/v2\/users\/1"}],"replies":[{"embeddable":true,"href":"https:\/\/adam.jbeanwefiteam.com\/es\/wp-json\/wp\/v2\/comments?post=1013"}],"version-history":[{"count":4,"href":"https:\/\/adam.jbeanwefiteam.com\/es\/wp-json\/wp\/v2\/pages\/1013\/revisions"}],"predecessor-version":[{"id":1708,"href":"https:\/\/adam.jbeanwefiteam.com\/es\/wp-json\/wp\/v2\/pages\/1013\/revisions\/1708"}],"wp:featuredmedia":[{"embeddable":true,"href":"https:\/\/adam.jbeanwefiteam.com\/es\/wp-json\/wp\/v2\/media\/389"}],"wp:attachment":[{"href":"https:\/\/adam.jbeanwefiteam.com\/es\/wp-json\/wp\/v2\/media?parent=1013"}],"curies":[{"name":"wp","href":"https:\/\/api.w.org\/{rel}","templated":true}]}}