{"id":1010,"date":"2025-09-07T19:33:23","date_gmt":"2025-09-07T19:33:23","guid":{"rendered":"https:\/\/adam.jbeanwefiteam.com\/?page_id=1010"},"modified":"2026-03-13T04:40:26","modified_gmt":"2026-03-13T04:40:26","slug":"returns-and-refunds-policy","status":"publish","type":"page","link":"https:\/\/adam.jbeanwefiteam.com\/es\/returns-and-refunds-policy\/","title":{"rendered":"Pol\u00edtica de devoluciones y reembolsos"},"content":{"rendered":"<div class=\"et_pb_section_0 et_pb_section et_section_regular et_block_section\">\r\n\r\n<div class=\"et_pb_row_0 et_pb_row et_block_row\">\r\n\r\n<div class=\"et_pb_column_0 et_pb_column et_pb_column_4_4 et-last-child et_block_column et_pb_css_mix_blend_mode_passthrough\">\r\n\r\n<div class=\"et_pb_text_0 et_pb_text et_pb_bg_layout_light et_pb_module et_block_module preset--group--divi-text--divi-font-body--default\"><div class=\"et_pb_text_inner\"><p><span style=\"color: #666666;\"><!-- wp:heading {\"level\":2} --><\/span><\/p>\n<h2><span style=\"color: #666666;\">Definiciones y referencias legales<\/span><\/h2>\n<p><!-- \/wp:heading --><\/p>\n<p><!-- wp:html --><\/p>\n<dl>\n<dt style=\"font-weight: bold;\">Este sitio web (o esta aplicaci\u00f3n)<\/dt>\n<dd>La propiedad que permite la prestaci\u00f3n del Servicio.<\/dd>\n<dt style=\"font-weight: bold;\">El propietario (o nosotros)<\/dt>\n<dd>JBean WeFi Team LLC: la persona f\u00edsica o jur\u00eddica que pone a disposici\u00f3n de los usuarios este sitio web y\/o el servicio.<\/dd>\n<dt style=\"font-weight: bold;\">Producto (o servicio)<\/dt>\n<dd>El producto (o servicio) se refiere a los art\u00edculos proporcionados por este sitio web tal y como se describen en el mismo.<\/dd>\n<dt style=\"font-weight: bold;\">Usuario (o usted)<\/dt>\n<dd>La persona f\u00edsica o jur\u00eddica que utiliza este sitio web.<\/dd>\n<\/dl>\n<p><!-- \/wp:html --><\/p>\n<p><!-- wp:separator --><\/p>\n<hr class=\"wp-block-separator\" \/><!-- \/wp:separator --><\/p>\n<p>&nbsp;<\/p>\n<p><!-- wp:paragraph --><\/p>\n<p>Gracias por comprar nuestros productos en https:\/\/adam.jbeanwefiteam.com, un sitio web gestionado por JBean WeFi Team LLC. .<\/p>\n<p><!-- \/wp:paragraph --><\/p>\n<p><!-- wp:paragraph --><\/p>\n<p>Debido a la naturaleza de nuestro negocio, lamentablemente no existe una forma efectiva de emitir reembolsos.<\/p>\n<p><!-- \/wp:paragraph --><\/p>\n<p><!-- wp:paragraph --><\/p>\n<p>Estaremos encantados de responder a cualquier pregunta sobre nuestros productos antes de su compra para asegurarnos de que satisfacen sus necesidades. Gracias por su comprensi\u00f3n.<\/p>\n<p><!-- \/wp:paragraph --><\/p>\n<p><!-- wp:paragraph --><\/p>\n<p>Si tiene alguna pregunta adicional, no dude en ponerse en contacto con nosotros utilizando la informaci\u00f3n de contacto que se indica a continuaci\u00f3n.<\/p>\n<p><!-- \/wp:paragraph --><br \/><!-- wp:paragraph --><\/p>\n<p>JBean WeFi Team LLC<br \/>Acton, CA 93510<br \/>Estados Unidos<br \/>Tel\u00e9fono: +1 661-524-6591<br \/>Correo electr\u00f3nico: legal@jbeanwefiteam.com<\/p>\n<p><!-- \/wp:paragraph --><br \/><!-- wp:separator --><\/p>\n<hr class=\"wp-block-separator\" \/><!-- \/wp:separator --><\/p>\n<p>&nbsp;<\/p>\n<p><!-- wp:paragraph --><\/p>\n<p>\u00daltima actualizaci\u00f3n: 7 de septiembre de 2025<\/p>\n<p><!-- \/wp:paragraph --><\/p>\n<\/div><\/div><\/div><\/div><\/div>","protected":false},"excerpt":{"rendered":"","protected":false},"author":1,"featured_media":389,"parent":0,"menu_order":0,"comment_status":"closed","ping_status":"closed","template":"","meta":{"inline_featured_image":false,"footnotes":""},"class_list":["post-1010","page","type-page","status-publish","has-post-thumbnail","hentry"],"_links":{"self":[{"href":"https:\/\/adam.jbeanwefiteam.com\/es\/wp-json\/wp\/v2\/pages\/1010","targetHints":{"allow":["GET"]}}],"collection":[{"href":"https:\/\/adam.jbeanwefiteam.com\/es\/wp-json\/wp\/v2\/pages"}],"about":[{"href":"https:\/\/adam.jbeanwefiteam.com\/es\/wp-json\/wp\/v2\/types\/page"}],"author":[{"embeddable":true,"href":"https:\/\/adam.jbeanwefiteam.com\/es\/wp-json\/wp\/v2\/users\/1"}],"replies":[{"embeddable":true,"href":"https:\/\/adam.jbeanwefiteam.com\/es\/wp-json\/wp\/v2\/comments?post=1010"}],"version-history":[{"count":6,"href":"https:\/\/adam.jbeanwefiteam.com\/es\/wp-json\/wp\/v2\/pages\/1010\/revisions"}],"predecessor-version":[{"id":1711,"href":"https:\/\/adam.jbeanwefiteam.com\/es\/wp-json\/wp\/v2\/pages\/1010\/revisions\/1711"}],"wp:featuredmedia":[{"embeddable":true,"href":"https:\/\/adam.jbeanwefiteam.com\/es\/wp-json\/wp\/v2\/media\/389"}],"wp:attachment":[{"href":"https:\/\/adam.jbeanwefiteam.com\/es\/wp-json\/wp\/v2\/media?parent=1010"}],"curies":[{"name":"wp","href":"https:\/\/api.w.org\/{rel}","templated":true}]}}