{"id":1000,"date":"2025-09-07T19:12:10","date_gmt":"2025-09-07T19:12:10","guid":{"rendered":"https:\/\/adam.jbeanwefiteam.com\/?page_id=1000"},"modified":"2025-09-28T02:59:21","modified_gmt":"2025-09-28T02:59:21","slug":"terms-of-use","status":"publish","type":"page","link":"https:\/\/adam.jbeanwefiteam.com\/es\/terms-of-use\/","title":{"rendered":"Condiciones de uso"},"content":{"rendered":"<div class=\"et_pb_section_0 et_pb_section et_section_regular et_block_section\">\n<div class=\"et_pb_row_0 et_pb_row et_block_row\">\n<div class=\"et_pb_column_0 et_pb_column et_pb_column_4_4 et-last-child et_block_column et_pb_css_mix_blend_mode_passthrough\">\n<div class=\"et_pb_text_0 et_pb_text et_pb_bg_layout_light et_pb_module et_flex_module preset--group--divi-text--divi-font-body--default\"><div class=\"et_pb_text_inner\"><p><!-- wp:paragraph --><\/p>\n<p><span style=\"color: #666666;\">Estos T\u00e9rminos rigen su acceso y uso de todo el contenido, los Productos y los Servicios disponibles en el sitio web https:\/\/adam.jbeanwefiteam.com (el \u201cServicio\u201d) operado por J Jelly Bean Inc, que opera bajo el nombre comercial \"JBeanTV\" (\u201cnosotros\u201d, \u201cnos\u201d o \u201cnuestro\u201d).<\/span><\/p>\n<p><span style=\"color: #666666;\"><!-- \/wp:paragraph --><\/span><\/p>\n<p><span style=\"color: #666666;\"><!-- wp:paragraph --><\/span><\/p>\n<p><span style=\"color: #666666;\">Su acceso a nuestros servicios est\u00e1 sujeto a su aceptaci\u00f3n, sin modificaciones, de todos los t\u00e9rminos y condiciones aqu\u00ed contenidos y de todas las dem\u00e1s reglas y pol\u00edticas operativas publicadas y que podamos publicar ocasionalmente.<\/span><\/p>\n<p><span style=\"color: #666666;\"><!-- \/wp:paragraph --><\/span><\/p>\n<p><span style=\"color: #666666;\"><!-- wp:paragraph --><\/span><\/p>\n<p><span style=\"color: #666666;\">Lea atentamente el Acuerdo antes de acceder o utilizar nuestros Servicios. Al acceder o utilizar cualquier parte de nuestros Servicios, usted acepta quedar vinculado por estas Condiciones. Si no est\u00e1 de acuerdo con alguna parte de las condiciones del Acuerdo, no podr\u00e1 acceder ni utilizar nuestros Servicios.<\/span><\/p>\n<p><span style=\"color: #666666;\"><!-- \/wp:paragraph --><\/span><\/p>\n<p><span style=\"color: #666666;\"><!-- wp:heading {\"level\":3} --><\/span><\/p>\n<h3><span style=\"color: #666666;\">Propiedad intelectual<\/span><\/h3>\n<p><span style=\"color: #666666;\"><!-- \/wp:heading --><\/span><\/p>\n<p><span style=\"color: #666666;\"><!-- wp:paragraph --><\/span><\/p>\n<p><span style=\"color: #666666;\">El Acuerdo no transfiere de nosotros a usted ninguna propiedad intelectual nuestra o de terceros, y todos los derechos, t\u00edtulos e intereses sobre dicha propiedad seguir\u00e1n siendo (entre las partes) propiedad exclusiva de J Jelly Bean Inc, que opera bajo el nombre comercial \"JBeanTV\", y sus licenciantes.<\/span><\/p>\n<p><span style=\"color: #666666;\"><!-- \/wp:paragraph --><\/span><\/p>\n<p><span style=\"color: #666666;\"><!-- wp:heading {\"level\":3} --><\/span><\/p>\n<h3><span style=\"color: #666666;\">Servicios de terceros<\/span><\/h3>\n<p><span style=\"color: #666666;\"><!-- \/wp:heading --><\/span><\/p>\n<p><span style=\"color: #666666;\"><!-- wp:paragraph --><\/span><\/p>\n<p><span style=\"color: #666666;\">Al utilizar los Servicios, usted puede utilizar servicios, productos, software, incrustaciones o aplicaciones de terceros desarrollados por un tercero (\u201cServicios de terceros\u201d).<\/span><\/p>\n<p><span style=\"color: #666666;\"><!-- \/wp:paragraph --><\/span><\/p>\n<p><span style=\"color: #666666;\"><!-- wp:paragraph --><\/span><\/p>\n<p><span style=\"color: #666666;\">Si utiliza servicios de terceros, usted entiende que:<\/span><\/p>\n<p><span style=\"color: #666666;\"><!-- \/wp:paragraph --><\/span><\/p>\n<p><span style=\"color: #666666;\"><!-- wp:list --><\/span><\/p>\n<ul>\n<li><span style=\"color: #666666;\">El uso de cualquier servicio de terceros es bajo su propio riesgo, y no nos hacemos responsables ante nadie por los sitios web o servicios de terceros.<\/span><\/li>\n<li><span style=\"color: #666666;\">Usted reconoce y acepta que no seremos responsables de ning\u00fan da\u00f1o o p\u00e9rdida causados o supuestamente causados por o en relaci\u00f3n con el uso de dichos contenidos, bienes o servicios disponibles en o a trav\u00e9s de dichos sitios web o servicios.<\/span><\/li>\n<\/ul>\n<p><span style=\"color: #666666;\"><!-- \/wp:list --><\/span><\/p>\n<p><span style=\"color: #666666;\"><!-- wp:heading {\"level\":3} --><\/span><\/p>\n<h3><span style=\"color: #666666;\">Cuentas<\/span><\/h3>\n<p><span style=\"color: #666666;\"><!-- \/wp:heading --><\/span><\/p>\n<p><span style=\"color: #666666;\"><!-- wp:paragraph --><\/span><\/p>\n<p><span style=\"color: #666666;\">Cuando el uso de cualquier parte de nuestros Servicios requiera una cuenta, usted se compromete a proporcionarnos informaci\u00f3n completa y precisa al registrarse para obtener una cuenta.<\/span><\/p>\n<p><span style=\"color: #666666;\"><!-- \/wp:paragraph --><\/span><\/p>\n<p><span style=\"color: #666666;\"><!-- wp:paragraph --><\/span><\/p>\n<p><span style=\"color: #666666;\">Usted ser\u00e1 el \u00fanico responsable de cualquier actividad que se realice con su cuenta. Usted es responsable de mantener actualizada la informaci\u00f3n de su cuenta y de mantener su contrase\u00f1a segura.<\/span><\/p>\n<p><span style=\"color: #666666;\"><!-- \/wp:paragraph --><\/span><\/p>\n<p><span style=\"color: #666666;\"><!-- wp:paragraph --><\/span><\/p>\n<p><span style=\"color: #666666;\">Usted es responsable de mantener la seguridad de la cuenta que utiliza para acceder al Servicio. No deber\u00e1 compartir ni hacer un uso indebido de sus credenciales de acceso. Deber\u00e1 notificarnos inmediatamente cualquier uso no autorizado de su cuenta o cualquier otra violaci\u00f3n de la seguridad de la que tenga conocimiento.<\/span><\/p>\n<p><span style=\"color: #666666;\"><!-- \/wp:paragraph --><\/span><\/p>\n<p><span style=\"color: #666666;\"><!-- wp:heading {\"level\":3} --><\/span><\/p>\n<h3><span style=\"color: #666666;\">Enlaces a otros sitios web<\/span><\/h3>\n<p><span style=\"color: #666666;\"><!-- \/wp:heading --><\/span><\/p>\n<p><span style=\"color: #666666;\"><!-- wp:paragraph --><\/span><\/p>\n<p><span style=\"color: #666666;\">Nuestro Servicio puede contener enlaces a sitios web o servicios de terceros que no son propiedad ni est\u00e1n controlados por J Jelly Bean Inc, que opera bajo el nombre comercial \"JBeanTV\". .<\/span><\/p>\n<p><span style=\"color: #666666;\"><!-- \/wp:paragraph --><\/span><\/p>\n<p><span style=\"color: #666666;\"><!-- wp:paragraph --><\/span><\/p>\n<p><span style=\"color: #666666;\">J Jelly Bean Inc, que opera bajo el nombre comercial \"JBeanTV\", no asume ninguna responsabilidad por el contenido, las pol\u00edticas de privacidad o las pr\u00e1cticas de los sitios web o servicios de terceros. J Jelly Bean Inc, que opera bajo el nombre comercial \"JBeanTV\", tampoco ser\u00e1 responsable, directa o indirectamente, de ning\u00fan da\u00f1o o p\u00e9rdida causados o supuestamente causados por o en relaci\u00f3n con el uso o la confianza en dichos contenidos, bienes o servicios disponibles en o a trav\u00e9s de dichos sitios web o servicios.<\/span><\/p>\n<p><span style=\"color: #666666;\"><!-- \/wp:paragraph --><\/span><\/p>\n<p><span style=\"color: #666666;\"><!-- wp:paragraph --><\/span><\/p>\n<p><span style=\"color: #666666;\">Le recomendamos que lea los t\u00e9rminos y condiciones y las pol\u00edticas de privacidad de cualquier sitio web o servicio de terceros que visite.<\/span><\/p>\n<p><span style=\"color: #666666;\"><!-- \/wp:paragraph --><\/span><\/p>\n<p><span style=\"color: #666666;\"><!-- wp:heading {\"level\":3} --><\/span><\/p>\n<h3><span style=\"color: #666666;\">Rescisi\u00f3n<\/span><\/h3>\n<p><span style=\"color: #666666;\"><!-- \/wp:heading --><\/span><\/p>\n<p><span style=\"color: #666666;\"><!-- wp:paragraph --><\/span><\/p>\n<p><span style=\"color: #666666;\">Podemos rescindir o suspender su acceso a la totalidad o a cualquier parte de nuestros Servicios en cualquier momento, con o sin causa, con o sin previo aviso, con efecto inmediato.<\/span><\/p>\n<p><span style=\"color: #666666;\"><!-- \/wp:paragraph --><\/span><\/p>\n<p><span style=\"color: #666666;\"><!-- wp:paragraph --><\/span><\/p>\n<p><span style=\"color: #666666;\">Si desea rescindir el Contrato o su cuenta de J Jelly Bean Inc, que opera bajo el nombre comercial \"JBeanTV\", simplemente deje de utilizar nuestros Servicios.<\/span><\/p>\n<p><span style=\"color: #666666;\"><!-- \/wp:paragraph --><\/span><\/p>\n<p><span style=\"color: #666666;\"><!-- wp:paragraph --><\/span><\/p>\n<p><span style=\"color: #666666;\">Todas las disposiciones del Acuerdo que por su naturaleza deban sobrevivir a la rescisi\u00f3n sobrevivir\u00e1n a la rescisi\u00f3n, incluyendo, sin limitaci\u00f3n, las disposiciones sobre propiedad, renuncias de garant\u00eda, indemnizaci\u00f3n y limitaciones de responsabilidad.<\/span><\/p>\n<p><span style=\"color: #666666;\"><!-- \/wp:paragraph --><\/span><\/p>\n<p><span style=\"color: #666666;\"><!-- wp:heading {\"level\":3} --><\/span><\/p>\n<h3><span style=\"color: #666666;\">Descargo de responsabilidad<\/span><\/h3>\n<p><span style=\"color: #666666;\"><!-- \/wp:heading --><\/span><\/p>\n<p><span style=\"color: #666666;\"><!-- wp:paragraph --><\/span><\/p>\n<p><span style=\"color: #666666;\">Nuestros Servicios se prestan \u201cTAL CUAL\u201d y \u201cSEG\u00daN DISPONIBILIDAD\u201d. J Jelly Bean Inc, que opera bajo el nombre comercial \"JBeanTV\", y sus proveedores y licenciantes renuncian por la presente a toda garant\u00eda de cualquier tipo, expresa o impl\u00edcita, incluidas, entre otras, las garant\u00edas de comerciabilidad, idoneidad para un fin determinado y no infracci\u00f3n. Ni J Jelly Bean Inc, que opera bajo el nombre comercial \"JBeanTV\", ni sus proveedores y licenciantes garantizan que nuestros Servicios est\u00e9n libres de errores o que el acceso a los mismos sea continuo o ininterrumpido.<\/span><\/p>\n<p><span style=\"color: #666666;\"><!-- \/wp:paragraph --><\/span><\/p>\n<p><span style=\"color: #666666;\"><!-- wp:paragraph --><\/span><\/p>\n<p><span style=\"color: #666666;\">Usted entiende que descarga u obtiene contenido o servicios a trav\u00e9s de nuestros Servicios a su discreci\u00f3n y riesgo.<\/span><\/p>\n<p><span style=\"color: #666666;\"><!-- \/wp:paragraph --><\/span><\/p>\n<p><span style=\"color: #666666;\"><!-- wp:heading {\"level\":3} --><\/span><\/p>\n<h3><span style=\"color: #666666;\">Jurisdicci\u00f3n y ley aplicable<\/span><\/h3>\n<p><span style=\"color: #666666;\"><!-- \/wp:heading --><\/span><\/p>\n<p><span style=\"color: #666666;\"><!-- wp:paragraph --><\/span><\/p>\n<p><span style=\"color: #666666;\">Salvo en la medida en que cualquier ley aplicable disponga lo contrario, el Acuerdo y cualquier acceso o uso de nuestros Servicios se regir\u00e1n por las leyes de Nueva York.<\/span><\/p>\n<p><span style=\"color: #666666;\"><!-- \/wp:paragraph --><\/span><\/p>\n<p><span style=\"color: #666666;\"><!-- wp:paragraph --><\/span><\/p>\n<p><span style=\"color: #666666;\">El lugar adecuado para cualquier disputa que surja o est\u00e9 relacionada con el Acuerdo y cualquier acceso o uso de nuestros Servicios ser\u00e1n los tribunales estatales y federales ubicados en Nueva York.<\/span><\/p>\n<p><span style=\"color: #666666;\"><!-- \/wp:paragraph --><\/span><\/p>\n<p><span style=\"color: #666666;\"><!-- wp:heading {\"level\":3} --><\/span><\/p>\n<h3><span style=\"color: #666666;\">Cambios<\/span><\/h3>\n<p><span style=\"color: #666666;\"><!-- \/wp:heading --><\/span><\/p>\n<p><span style=\"color: #666666;\"><!-- wp:paragraph --><\/span><\/p>\n<p><span style=\"color: #666666;\">J Jelly Bean Inc, que opera bajo el nombre comercial \"JBeanTV\", se reserva el derecho, a su entera discreci\u00f3n, de modificar o sustituir estos T\u00e9rminos en cualquier momento.<\/span><\/p>\n<p><span style=\"color: #666666;\"><!-- \/wp:paragraph --><\/span><\/p>\n<p><span style=\"color: #666666;\"><!-- wp:paragraph --><\/span><\/p>\n<p><span style=\"color: #666666;\">Si realizamos cambios importantes, se lo comunicaremos mediante una publicaci\u00f3n en nuestro sitio web o envi\u00e1ndole un correo electr\u00f3nico u otra comunicaci\u00f3n antes de que los cambios entren en vigor. El aviso indicar\u00e1 un plazo razonable tras el cual entrar\u00e1n en vigor las nuevas condiciones.<\/span><\/p>\n<p><span style=\"color: #666666;\"><!-- \/wp:paragraph --><\/span><\/p>\n<p><span style=\"color: #666666;\"><!-- wp:paragraph --><\/span><\/p>\n<p><span style=\"color: #666666;\">Intentaremos avisar con al menos 30 d\u00edas de antelaci\u00f3n antes de que los cambios entren en vigor. Si no est\u00e1 de acuerdo con nuestros cambios, debe dejar de utilizar nuestros Servicios dentro del plazo de preaviso designado, o una vez que los cambios entren en vigor.<\/span><\/p>\n<p><span style=\"color: #666666;\"><!-- \/wp:paragraph --><\/span><\/p>\n<p><span style=\"color: #666666;\"><!-- wp:paragraph --><\/span><\/p>\n<p><span style=\"color: #666666;\">El uso continuado de nuestros Servicios estar\u00e1 sujeto a los nuevos t\u00e9rminos.<\/span><\/p>\n<p><span style=\"color: #666666;\"><!-- \/wp:paragraph --><\/span><\/p>\n<p><span style=\"color: #666666;\"><!-- wp:heading {\"level\":3} --><\/span><\/p>\n<h3><span style=\"color: #666666;\">Cont\u00e1ctenos<\/span><\/h3>\n<p><span style=\"color: #666666;\"><!-- \/wp:heading --><\/span><\/p>\n<p><span style=\"color: #666666;\"><!-- wp:paragraph --><\/span><\/p>\n<p><span style=\"color: #666666;\">Si tiene alguna pregunta sobre estas Condiciones de uso, p\u00f3ngase en contacto con nosotros en legal@jbeantv.com.<\/span><\/p>\n<p><span style=\"color: #666666;\"><!-- \/wp:paragraph --><\/span><\/p>\n<p><span style=\"color: #666666;\"><!-- wp:separator --><\/span><\/p>\n<hr class=\"wp-block-separator\" \/><span style=\"color: #666666;\"><!-- \/wp:separator --><\/span><\/p>\n<p><span style=\"color: #666666;\"><!-- wp:paragraph --><\/span><\/p>\n<p><span style=\"color: #666666;\">\u00daltima actualizaci\u00f3n: 7 de septiembre de 2025<\/span><\/p>\n<p><!-- \/wp:paragraph --><\/p>\n<\/div><\/div>\n<\/div>\n<\/div>\n<\/div>","protected":false},"excerpt":{"rendered":"","protected":false},"author":1,"featured_media":389,"parent":0,"menu_order":0,"comment_status":"closed","ping_status":"closed","template":"","meta":{"inline_featured_image":false,"footnotes":""},"class_list":["post-1000","page","type-page","status-publish","has-post-thumbnail","hentry"],"_links":{"self":[{"href":"https:\/\/adam.jbeanwefiteam.com\/es\/wp-json\/wp\/v2\/pages\/1000","targetHints":{"allow":["GET"]}}],"collection":[{"href":"https:\/\/adam.jbeanwefiteam.com\/es\/wp-json\/wp\/v2\/pages"}],"about":[{"href":"https:\/\/adam.jbeanwefiteam.com\/es\/wp-json\/wp\/v2\/types\/page"}],"author":[{"embeddable":true,"href":"https:\/\/adam.jbeanwefiteam.com\/es\/wp-json\/wp\/v2\/users\/1"}],"replies":[{"embeddable":true,"href":"https:\/\/adam.jbeanwefiteam.com\/es\/wp-json\/wp\/v2\/comments?post=1000"}],"version-history":[{"count":4,"href":"https:\/\/adam.jbeanwefiteam.com\/es\/wp-json\/wp\/v2\/pages\/1000\/revisions"}],"predecessor-version":[{"id":1079,"href":"https:\/\/adam.jbeanwefiteam.com\/es\/wp-json\/wp\/v2\/pages\/1000\/revisions\/1079"}],"wp:featuredmedia":[{"embeddable":true,"href":"https:\/\/adam.jbeanwefiteam.com\/es\/wp-json\/wp\/v2\/media\/389"}],"wp:attachment":[{"href":"https:\/\/adam.jbeanwefiteam.com\/es\/wp-json\/wp\/v2\/media?parent=1000"}],"curies":[{"name":"wp","href":"https:\/\/api.w.org\/{rel}","templated":true}]}}